{"id":646,"date":"2020-09-17T15:12:20","date_gmt":"2020-09-17T13:12:20","guid":{"rendered":"https:\/\/www.vrablik.cz\/o-nas\/"},"modified":"2020-10-16T14:30:39","modified_gmt":"2020-10-16T12:30:39","slug":"die-firma","status":"publish","type":"page","link":"https:\/\/www.vrablik.cz\/de\/die-firma\/","title":{"rendered":"\u00dcber uns"},"content":{"rendered":"","protected":false},"excerpt":{"rendered":"","protected":false},"author":5,"featured_media":0,"parent":0,"menu_order":0,"comment_status":"closed","ping_status":"closed","template":"","meta":{"footnotes":""},"class_list":["post-646","page","type-page","status-publish","hentry"],"yoast_head":"<!-- This site is optimized with the Yoast SEO plugin v26.7 - https:\/\/yoast.com\/wordpress\/plugins\/seo\/ -->\n<title>\u00dcber uns &#8211; Vr\u00e1bl\u00edk s.r.o.<\/title>\n<meta name=\"robots\" content=\"index, follow, max-snippet:-1, max-image-preview:large, max-video-preview:-1\" \/>\n<link rel=\"canonical\" href=\"https:\/\/www.vrablik.cz\/de\/die-firma\/\" \/>\n<meta property=\"og:locale\" content=\"de_DE\" \/>\n<meta property=\"og:type\" content=\"article\" \/>\n<meta property=\"og:title\" content=\"\u00dcber uns &#8211; Vr\u00e1bl\u00edk s.r.o.\" \/>\n<meta property=\"og:url\" content=\"https:\/\/www.vrablik.cz\/de\/die-firma\/\" \/>\n<meta property=\"og:site_name\" content=\"Vr\u00e1bl\u00edk s.r.o.\" \/>\n<meta property=\"article:modified_time\" content=\"2020-10-16T12:30:39+00:00\" \/>\n<meta name=\"twitter:card\" content=\"summary_large_image\" \/>\n<script type=\"application\/ld+json\" class=\"yoast-schema-graph\">{\"@context\":\"https:\/\/schema.org\",\"@graph\":[{\"@type\":\"WebPage\",\"@id\":\"https:\/\/www.vrablik.cz\/de\/die-firma\/\",\"url\":\"https:\/\/www.vrablik.cz\/de\/die-firma\/\",\"name\":\"\u00dcber uns &#8211; Vr\u00e1bl\u00edk s.r.o.\",\"isPartOf\":{\"@id\":\"https:\/\/www.vrablik.cz\/#website\"},\"datePublished\":\"2020-09-17T13:12:20+00:00\",\"dateModified\":\"2020-10-16T12:30:39+00:00\",\"breadcrumb\":{\"@id\":\"https:\/\/www.vrablik.cz\/de\/die-firma\/#breadcrumb\"},\"inLanguage\":\"de\",\"potentialAction\":[{\"@type\":\"ReadAction\",\"target\":[\"https:\/\/www.vrablik.cz\/de\/die-firma\/\"]}]},{\"@type\":\"BreadcrumbList\",\"@id\":\"https:\/\/www.vrablik.cz\/de\/die-firma\/#breadcrumb\",\"itemListElement\":[{\"@type\":\"ListItem\",\"position\":1,\"name\":\"Dom\u016f\",\"item\":\"https:\/\/www.vrablik.cz\/de\/\"},{\"@type\":\"ListItem\",\"position\":2,\"name\":\"\u00dcber uns\"}]},{\"@type\":\"WebSite\",\"@id\":\"https:\/\/www.vrablik.cz\/#website\",\"url\":\"https:\/\/www.vrablik.cz\/\",\"name\":\"Vr\u00e1bl\u00edk s.r.o.\",\"description\":\"formovac\u00ed technika, ocelov\u00e9 konstrukce, beton\u00e1\u0159sk\u00e1 ocel\",\"potentialAction\":[{\"@type\":\"SearchAction\",\"target\":{\"@type\":\"EntryPoint\",\"urlTemplate\":\"https:\/\/www.vrablik.cz\/?s={search_term_string}\"},\"query-input\":{\"@type\":\"PropertyValueSpecification\",\"valueRequired\":true,\"valueName\":\"search_term_string\"}}],\"inLanguage\":\"de\"}]}<\/script>\n<!-- \/ Yoast SEO plugin. -->","yoast_head_json":{"title":"\u00dcber uns &#8211; Vr\u00e1bl\u00edk s.r.o.","robots":{"index":"index","follow":"follow","max-snippet":"max-snippet:-1","max-image-preview":"max-image-preview:large","max-video-preview":"max-video-preview:-1"},"canonical":"https:\/\/www.vrablik.cz\/de\/die-firma\/","og_locale":"de_DE","og_type":"article","og_title":"\u00dcber uns &#8211; Vr\u00e1bl\u00edk s.r.o.","og_url":"https:\/\/www.vrablik.cz\/de\/die-firma\/","og_site_name":"Vr\u00e1bl\u00edk s.r.o.","article_modified_time":"2020-10-16T12:30:39+00:00","twitter_card":"summary_large_image","schema":{"@context":"https:\/\/schema.org","@graph":[{"@type":"WebPage","@id":"https:\/\/www.vrablik.cz\/de\/die-firma\/","url":"https:\/\/www.vrablik.cz\/de\/die-firma\/","name":"\u00dcber uns &#8211; Vr\u00e1bl\u00edk s.r.o.","isPartOf":{"@id":"https:\/\/www.vrablik.cz\/#website"},"datePublished":"2020-09-17T13:12:20+00:00","dateModified":"2020-10-16T12:30:39+00:00","breadcrumb":{"@id":"https:\/\/www.vrablik.cz\/de\/die-firma\/#breadcrumb"},"inLanguage":"de","potentialAction":[{"@type":"ReadAction","target":["https:\/\/www.vrablik.cz\/de\/die-firma\/"]}]},{"@type":"BreadcrumbList","@id":"https:\/\/www.vrablik.cz\/de\/die-firma\/#breadcrumb","itemListElement":[{"@type":"ListItem","position":1,"name":"Dom\u016f","item":"https:\/\/www.vrablik.cz\/de\/"},{"@type":"ListItem","position":2,"name":"\u00dcber uns"}]},{"@type":"WebSite","@id":"https:\/\/www.vrablik.cz\/#website","url":"https:\/\/www.vrablik.cz\/","name":"Vr\u00e1bl\u00edk s.r.o.","description":"formovac\u00ed technika, ocelov\u00e9 konstrukce, beton\u00e1\u0159sk\u00e1 ocel","potentialAction":[{"@type":"SearchAction","target":{"@type":"EntryPoint","urlTemplate":"https:\/\/www.vrablik.cz\/?s={search_term_string}"},"query-input":{"@type":"PropertyValueSpecification","valueRequired":true,"valueName":"search_term_string"}}],"inLanguage":"de"}]}},"_links":{"self":[{"href":"https:\/\/www.vrablik.cz\/de\/wp-json\/wp\/v2\/pages\/646","targetHints":{"allow":["GET"]}}],"collection":[{"href":"https:\/\/www.vrablik.cz\/de\/wp-json\/wp\/v2\/pages"}],"about":[{"href":"https:\/\/www.vrablik.cz\/de\/wp-json\/wp\/v2\/types\/page"}],"author":[{"embeddable":true,"href":"https:\/\/www.vrablik.cz\/de\/wp-json\/wp\/v2\/users\/5"}],"replies":[{"embeddable":true,"href":"https:\/\/www.vrablik.cz\/de\/wp-json\/wp\/v2\/comments?post=646"}],"version-history":[{"count":2,"href":"https:\/\/www.vrablik.cz\/de\/wp-json\/wp\/v2\/pages\/646\/revisions"}],"predecessor-version":[{"id":648,"href":"https:\/\/www.vrablik.cz\/de\/wp-json\/wp\/v2\/pages\/646\/revisions\/648"}],"wp:attachment":[{"href":"https:\/\/www.vrablik.cz\/de\/wp-json\/wp\/v2\/media?parent=646"}],"curies":[{"name":"wp","href":"https:\/\/api.w.org\/{rel}","templated":true}]}}